{"id":70,"date":"2020-10-10T15:54:58","date_gmt":"2020-10-10T15:54:58","guid":{"rendered":"https:\/\/munkavedelmitovabbkepzes.hu\/cera\/?page_id=70"},"modified":"2020-10-10T15:54:59","modified_gmt":"2020-10-10T15:54:59","slug":"hazai-helyzet","status":"publish","type":"page","link":"https:\/\/munkavedelmitovabbkepzes.hu\/cera\/hazai-helyzet\/","title":{"rendered":"Hazai helyzet"},"content":{"rendered":"\n<p>A munkav\u00e9delemr\u0151l sz\u00f3l\u00f3 1993. \u00e9vi XCIII. t\u00f6rv\u00e9ny (Mvt.) 54. \u00a7 (2) bekezd\u00e9s kimondja, hogy &#8220;a munk\u00e1ltat\u00f3 k\u00f6teles min\u0151s\u00e9gileg, illetve sz\u00fcks\u00e9g eset\u00e9n mennyis\u00e9gileg \u00e9rt\u00e9kelni a munkav\u00e1llal\u00f3k eg\u00e9szs\u00e9g\u00e9t \u00e9s biztons\u00e1g\u00e1t vesz\u00e9lyeztet\u0151 kock\u00e1zatokat&#8221;.<\/p>\n\n\n\n<p>\u201eA munkav\u00e9delmi fel\u00fcgyeletek egy\u00fcttes \u00fatmutat\u00e1sa a munkahelyi kock\u00e1zat\u00e9rt\u00e9kel\u00e9s v\u00e9grehajt\u00e1s\u00e1hoz\u201d&nbsp; vesz\u00e9lyforr\u00e1sok k\u00f6z\u00f6tt a \u201eFiziol\u00f3giai, idegrendszeri \u00e9s pszich\u00e9s t\u00e9nyez\u0151k\u201d k\u00f6z\u00f6tt eml\u00edti a&nbsp;<strong>neh\u00e9z testi \u00e9s a t\u00fal intenz\u00edv vagy egyhang\u00fa munk\u00e1t<\/strong>. Ennek a vesz\u00e9lycsoportnak az \u00e9rt\u00e9kel\u00e9s\u00e9t a \u201e25\/1998. (XII. 27.) E\u00fcM rendelet az els\u0151sorban h\u00e1ts\u00e9r\u00fcl\u00e9sek kock\u00e1zat\u00e1val j\u00e1r\u00f3 k\u00e9zi tehermozgat\u00e1s minim\u00e1lis eg\u00e9szs\u00e9gi \u00e9s biztons\u00e1gi k\u00f6vetelm\u00e9nyeir\u0151l\u201d alapozza meg.<\/p>\n\n\n\n<p>A fizikai terhel\u00e9s hat\u00e1s\u00e1ra kialakul\u00f3&nbsp;<strong>v\u00e1z- \u00e9s izomrendszeri megbeteged\u00e9sek<\/strong>&nbsp;jelent\u0151s\u00e9g\u00fckn\u00e9l fogva az Eur\u00f3pai Munkahelyi Biztons\u00e1gi \u00e9s Eg\u00e9szs\u00e9gv\u00e9delmi \u00dcgyn\u00f6ks\u00e9g priorit\u00e1sai k\u00f6zt szerepelnek.<\/p>\n\n\n\n<p>A v\u00e1llalati gyakorlatban sokszor probl\u00e9m\u00e1t jelent a munk\u00e1val kapcsolatos v\u00e1z-izomrendszeri kock\u00e1zatok \u00e9rt\u00e9kel\u00e9se, \u00edgy el\u0151fordul, hogy a fizikai terhel\u00e9s vesz\u00e9lyeit jellemz\u0151en tov\u00e1bbra is a \u201en\u0151k 20 kg-ot, f\u00e9rfiak 50 kg-ot emelhetnek\u201d megk\u00f6zel\u00edt\u00e9ssel \u00e9rt\u00e9kelik, \u00e9s elmarad a testhelyzet vagy \u00e9ppen az ism\u00e9tl\u0151d\u0151 mozdulatok vesz\u00e9ly\u00e9nek vizsg\u00e1lata \u00e9s cs\u00f6kkent\u00e9se.<\/p>\n\n\n\n<p>A fizikai terhel\u00e9s \u00e9rt\u00e9kel\u00e9se \u00e9s cs\u00f6kkent\u00e9se n\u00e9h\u00e1ny v\u00e1llalatn\u00e1l \u00f6n\u00e1ll\u00f3 tev\u00e9kenys\u00e9gk\u00e9nt, ergon\u00f3miai fejleszt\u00e9si programokban jelenik meg. Ezekben az \u00e9rt\u00e9kel\u00e9sekben meghat\u00e1roz\u00f3 a testtart\u00e1s, az er\u0151kifejt\u00e9s \u00e9s az ism\u00e9tl\u0151d\u00e9s egy\u00fcttes figyelembev\u00e9tele, de az itt felt\u00e1rt kock\u00e1zatok csak n\u00e9h\u00e1ny esetben csatlakoznak be a munkabiztons\u00e1gi kock\u00e1zat\u00e9rt\u00e9kel\u00e9sbe.<\/p>\n\n\n\n<p>Az \u00d3budai Egyetem B\u00e1nki Don\u00e1t G\u00e9p\u00e9sz \u00e9s Biztons\u00e1gtechnikai M\u00e9rn\u00f6ki Kara sikeresen p\u00e1ly\u00e1zott a munkav\u00e9delmi jelleg\u0171 b\u00edrs\u00e1gok felhaszn\u00e1l\u00e1s\u00e1ra, \u00e9s az OMMF-II-10-P-0129 sz\u00e1m\u00fa, \u201eaz MSZ EN 1005 beilleszt\u00e9se a kock\u00e1zatelemz\u00e9s hazai gyakorlat\u00e1ba\u201d c\u00edm\u0171 p\u00e1ly\u00e1zat megval\u00f3s\u00edt\u00e1s\u00e1val a munkacsoport egy magyar nyelv\u0171 eszk\u00f6z kifejleszt\u00e9s\u00e9re v\u00e1llalkozott.<\/p>\n","protected":false},"excerpt":{"rendered":"<p>A munkav\u00e9delemr\u0151l sz\u00f3l\u00f3 1993. \u00e9vi XCIII. t\u00f6rv\u00e9ny (Mvt.) 54. \u00a7 (2) bekezd\u00e9s kimondja, hogy &#8220;a munk\u00e1ltat\u00f3 k\u00f6teles min\u0151s\u00e9gileg, illetve sz\u00fcks\u00e9g eset\u00e9n mennyis\u00e9gileg \u00e9rt\u00e9kelni a munkav\u00e1llal\u00f3k eg\u00e9szs\u00e9g\u00e9t \u00e9s biztons\u00e1g\u00e1t vesz\u00e9lyeztet\u0151 kock\u00e1zatokat&#8221;. \u201eA munkav\u00e9delmi fel\u00fcgyeletek egy\u00fcttes \u00fatmutat\u00e1sa a munkahelyi kock\u00e1zat\u00e9rt\u00e9kel\u00e9s v\u00e9grehajt\u00e1s\u00e1hoz\u201d&nbsp; vesz\u00e9lyforr\u00e1sok k\u00f6z\u00f6tt a \u201eFiziol\u00f3giai, idegrendszeri \u00e9s pszich\u00e9s t\u00e9nyez\u0151k\u201d k\u00f6z\u00f6tt eml\u00edti a&nbsp;neh\u00e9z testi \u00e9s a t\u00fal intenz\u00edv [&hellip;]<\/p>\n","protected":false},"author":1,"featured_media":0,"parent":0,"menu_order":0,"comment_status":"closed","ping_status":"closed","template":"","meta":{"footnotes":""},"yoast_head":"<!-- This site is optimized with the Yoast SEO plugin v21.9.1 - https:\/\/yoast.com\/wordpress\/plugins\/seo\/ -->\n<title>Hazai helyzet - CERA - Munkav\u00e9delmi tov\u00e1bbk\u00e9pz\u00e9s<\/title>\n<meta name=\"robots\" content=\"index, follow, max-snippet:-1, max-image-preview:large, max-video-preview:-1\" \/>\n<link rel=\"canonical\" href=\"https:\/\/munkavedelmitovabbkepzes.hu\/cera\/hazai-helyzet\/\" \/>\n<meta property=\"og:locale\" content=\"hu_HU\" \/>\n<meta property=\"og:type\" content=\"article\" \/>\n<meta property=\"og:title\" content=\"Hazai helyzet - CERA - Munkav\u00e9delmi tov\u00e1bbk\u00e9pz\u00e9s\" \/>\n<meta property=\"og:description\" content=\"A munkav\u00e9delemr\u0151l sz\u00f3l\u00f3 1993. \u00e9vi XCIII. t\u00f6rv\u00e9ny (Mvt.) 54. \u00a7 (2) bekezd\u00e9s kimondja, hogy &#8220;a munk\u00e1ltat\u00f3 k\u00f6teles min\u0151s\u00e9gileg, illetve sz\u00fcks\u00e9g eset\u00e9n mennyis\u00e9gileg \u00e9rt\u00e9kelni a munkav\u00e1llal\u00f3k eg\u00e9szs\u00e9g\u00e9t \u00e9s biztons\u00e1g\u00e1t vesz\u00e9lyeztet\u0151 kock\u00e1zatokat&#8221;. \u201eA munkav\u00e9delmi fel\u00fcgyeletek egy\u00fcttes \u00fatmutat\u00e1sa a munkahelyi kock\u00e1zat\u00e9rt\u00e9kel\u00e9s v\u00e9grehajt\u00e1s\u00e1hoz\u201d&nbsp; vesz\u00e9lyforr\u00e1sok k\u00f6z\u00f6tt a \u201eFiziol\u00f3giai, idegrendszeri \u00e9s pszich\u00e9s t\u00e9nyez\u0151k\u201d k\u00f6z\u00f6tt eml\u00edti a&nbsp;neh\u00e9z testi \u00e9s a t\u00fal intenz\u00edv [&hellip;]\" \/>\n<meta property=\"og:url\" content=\"https:\/\/munkavedelmitovabbkepzes.hu\/cera\/hazai-helyzet\/\" \/>\n<meta property=\"og:site_name\" content=\"CERA - Munkav\u00e9delmi tov\u00e1bbk\u00e9pz\u00e9s\" \/>\n<meta property=\"article:modified_time\" content=\"2020-10-10T15:54:59+00:00\" \/>\n<meta name=\"twitter:card\" content=\"summary_large_image\" \/>\n<meta name=\"twitter:label1\" content=\"Becs\u00fclt olvas\u00e1si id\u0151\" \/>\n\t<meta name=\"twitter:data1\" content=\"2 perc\" \/>\n<script type=\"application\/ld+json\" class=\"yoast-schema-graph\">{\"@context\":\"https:\/\/schema.org\",\"@graph\":[{\"@type\":\"WebPage\",\"@id\":\"https:\/\/munkavedelmitovabbkepzes.hu\/cera\/hazai-helyzet\/\",\"url\":\"https:\/\/munkavedelmitovabbkepzes.hu\/cera\/hazai-helyzet\/\",\"name\":\"Hazai helyzet - CERA - Munkav\u00e9delmi tov\u00e1bbk\u00e9pz\u00e9s\",\"isPartOf\":{\"@id\":\"https:\/\/munkavedelmitovabbkepzes.hu\/cera\/#website\"},\"datePublished\":\"2020-10-10T15:54:58+00:00\",\"dateModified\":\"2020-10-10T15:54:59+00:00\",\"breadcrumb\":{\"@id\":\"https:\/\/munkavedelmitovabbkepzes.hu\/cera\/hazai-helyzet\/#breadcrumb\"},\"inLanguage\":\"hu\",\"potentialAction\":[{\"@type\":\"ReadAction\",\"target\":[\"https:\/\/munkavedelmitovabbkepzes.hu\/cera\/hazai-helyzet\/\"]}]},{\"@type\":\"BreadcrumbList\",\"@id\":\"https:\/\/munkavedelmitovabbkepzes.hu\/cera\/hazai-helyzet\/#breadcrumb\",\"itemListElement\":[{\"@type\":\"ListItem\",\"position\":1,\"name\":\"Home\",\"item\":\"https:\/\/munkavedelmitovabbkepzes.hu\/cera\/\"},{\"@type\":\"ListItem\",\"position\":2,\"name\":\"Hazai helyzet\"}]},{\"@type\":\"WebSite\",\"@id\":\"https:\/\/munkavedelmitovabbkepzes.hu\/cera\/#website\",\"url\":\"https:\/\/munkavedelmitovabbkepzes.hu\/cera\/\",\"name\":\"CERA - Munkav\u00e9delmi tov\u00e1bbk\u00e9pz\u00e9s\",\"description\":\"\u00d3budai Egyetem\",\"publisher\":{\"@id\":\"https:\/\/munkavedelmitovabbkepzes.hu\/cera\/#organization\"},\"potentialAction\":[{\"@type\":\"SearchAction\",\"target\":{\"@type\":\"EntryPoint\",\"urlTemplate\":\"https:\/\/munkavedelmitovabbkepzes.hu\/cera\/?s={search_term_string}\"},\"query-input\":\"required name=search_term_string\"}],\"inLanguage\":\"hu\"},{\"@type\":\"Organization\",\"@id\":\"https:\/\/munkavedelmitovabbkepzes.hu\/cera\/#organization\",\"name\":\"OE Munkav\u00e9delmi tov\u00e1bbk\u00e9pz\u00e9s CERA\",\"url\":\"https:\/\/munkavedelmitovabbkepzes.hu\/cera\/\",\"logo\":{\"@type\":\"ImageObject\",\"inLanguage\":\"hu\",\"@id\":\"https:\/\/munkavedelmitovabbkepzes.hu\/cera\/#\/schema\/logo\/image\/\",\"url\":\"https:\/\/munkavedelmitovabbkepzes.hu\/cera\/wp-content\/uploads\/2020\/10\/MV-logo.jpg\",\"contentUrl\":\"https:\/\/munkavedelmitovabbkepzes.hu\/cera\/wp-content\/uploads\/2020\/10\/MV-logo.jpg\",\"width\":883,\"height\":883,\"caption\":\"OE Munkav\u00e9delmi tov\u00e1bbk\u00e9pz\u00e9s CERA\"},\"image\":{\"@id\":\"https:\/\/munkavedelmitovabbkepzes.hu\/cera\/#\/schema\/logo\/image\/\"}}]}<\/script>\n<!-- \/ Yoast SEO plugin. -->","yoast_head_json":{"title":"Hazai helyzet - CERA - Munkav\u00e9delmi tov\u00e1bbk\u00e9pz\u00e9s","robots":{"index":"index","follow":"follow","max-snippet":"max-snippet:-1","max-image-preview":"max-image-preview:large","max-video-preview":"max-video-preview:-1"},"canonical":"https:\/\/munkavedelmitovabbkepzes.hu\/cera\/hazai-helyzet\/","og_locale":"hu_HU","og_type":"article","og_title":"Hazai helyzet - CERA - Munkav\u00e9delmi tov\u00e1bbk\u00e9pz\u00e9s","og_description":"A munkav\u00e9delemr\u0151l sz\u00f3l\u00f3 1993. \u00e9vi XCIII. t\u00f6rv\u00e9ny (Mvt.) 54. \u00a7 (2) bekezd\u00e9s kimondja, hogy &#8220;a munk\u00e1ltat\u00f3 k\u00f6teles min\u0151s\u00e9gileg, illetve sz\u00fcks\u00e9g eset\u00e9n mennyis\u00e9gileg \u00e9rt\u00e9kelni a munkav\u00e1llal\u00f3k eg\u00e9szs\u00e9g\u00e9t \u00e9s biztons\u00e1g\u00e1t vesz\u00e9lyeztet\u0151 kock\u00e1zatokat&#8221;. \u201eA munkav\u00e9delmi fel\u00fcgyeletek egy\u00fcttes \u00fatmutat\u00e1sa a munkahelyi kock\u00e1zat\u00e9rt\u00e9kel\u00e9s v\u00e9grehajt\u00e1s\u00e1hoz\u201d&nbsp; vesz\u00e9lyforr\u00e1sok k\u00f6z\u00f6tt a \u201eFiziol\u00f3giai, idegrendszeri \u00e9s pszich\u00e9s t\u00e9nyez\u0151k\u201d k\u00f6z\u00f6tt eml\u00edti a&nbsp;neh\u00e9z testi \u00e9s a t\u00fal intenz\u00edv [&hellip;]","og_url":"https:\/\/munkavedelmitovabbkepzes.hu\/cera\/hazai-helyzet\/","og_site_name":"CERA - Munkav\u00e9delmi tov\u00e1bbk\u00e9pz\u00e9s","article_modified_time":"2020-10-10T15:54:59+00:00","twitter_card":"summary_large_image","twitter_misc":{"Becs\u00fclt olvas\u00e1si id\u0151":"2 perc"},"schema":{"@context":"https:\/\/schema.org","@graph":[{"@type":"WebPage","@id":"https:\/\/munkavedelmitovabbkepzes.hu\/cera\/hazai-helyzet\/","url":"https:\/\/munkavedelmitovabbkepzes.hu\/cera\/hazai-helyzet\/","name":"Hazai helyzet - CERA - Munkav\u00e9delmi tov\u00e1bbk\u00e9pz\u00e9s","isPartOf":{"@id":"https:\/\/munkavedelmitovabbkepzes.hu\/cera\/#website"},"datePublished":"2020-10-10T15:54:58+00:00","dateModified":"2020-10-10T15:54:59+00:00","breadcrumb":{"@id":"https:\/\/munkavedelmitovabbkepzes.hu\/cera\/hazai-helyzet\/#breadcrumb"},"inLanguage":"hu","potentialAction":[{"@type":"ReadAction","target":["https:\/\/munkavedelmitovabbkepzes.hu\/cera\/hazai-helyzet\/"]}]},{"@type":"BreadcrumbList","@id":"https:\/\/munkavedelmitovabbkepzes.hu\/cera\/hazai-helyzet\/#breadcrumb","itemListElement":[{"@type":"ListItem","position":1,"name":"Home","item":"https:\/\/munkavedelmitovabbkepzes.hu\/cera\/"},{"@type":"ListItem","position":2,"name":"Hazai helyzet"}]},{"@type":"WebSite","@id":"https:\/\/munkavedelmitovabbkepzes.hu\/cera\/#website","url":"https:\/\/munkavedelmitovabbkepzes.hu\/cera\/","name":"CERA - Munkav\u00e9delmi tov\u00e1bbk\u00e9pz\u00e9s","description":"\u00d3budai Egyetem","publisher":{"@id":"https:\/\/munkavedelmitovabbkepzes.hu\/cera\/#organization"},"potentialAction":[{"@type":"SearchAction","target":{"@type":"EntryPoint","urlTemplate":"https:\/\/munkavedelmitovabbkepzes.hu\/cera\/?s={search_term_string}"},"query-input":"required name=search_term_string"}],"inLanguage":"hu"},{"@type":"Organization","@id":"https:\/\/munkavedelmitovabbkepzes.hu\/cera\/#organization","name":"OE Munkav\u00e9delmi tov\u00e1bbk\u00e9pz\u00e9s CERA","url":"https:\/\/munkavedelmitovabbkepzes.hu\/cera\/","logo":{"@type":"ImageObject","inLanguage":"hu","@id":"https:\/\/munkavedelmitovabbkepzes.hu\/cera\/#\/schema\/logo\/image\/","url":"https:\/\/munkavedelmitovabbkepzes.hu\/cera\/wp-content\/uploads\/2020\/10\/MV-logo.jpg","contentUrl":"https:\/\/munkavedelmitovabbkepzes.hu\/cera\/wp-content\/uploads\/2020\/10\/MV-logo.jpg","width":883,"height":883,"caption":"OE Munkav\u00e9delmi tov\u00e1bbk\u00e9pz\u00e9s CERA"},"image":{"@id":"https:\/\/munkavedelmitovabbkepzes.hu\/cera\/#\/schema\/logo\/image\/"}}]}},"_links":{"self":[{"href":"https:\/\/munkavedelmitovabbkepzes.hu\/cera\/wp-json\/wp\/v2\/pages\/70"}],"collection":[{"href":"https:\/\/munkavedelmitovabbkepzes.hu\/cera\/wp-json\/wp\/v2\/pages"}],"about":[{"href":"https:\/\/munkavedelmitovabbkepzes.hu\/cera\/wp-json\/wp\/v2\/types\/page"}],"author":[{"embeddable":true,"href":"https:\/\/munkavedelmitovabbkepzes.hu\/cera\/wp-json\/wp\/v2\/users\/1"}],"replies":[{"embeddable":true,"href":"https:\/\/munkavedelmitovabbkepzes.hu\/cera\/wp-json\/wp\/v2\/comments?post=70"}],"version-history":[{"count":1,"href":"https:\/\/munkavedelmitovabbkepzes.hu\/cera\/wp-json\/wp\/v2\/pages\/70\/revisions"}],"predecessor-version":[{"id":71,"href":"https:\/\/munkavedelmitovabbkepzes.hu\/cera\/wp-json\/wp\/v2\/pages\/70\/revisions\/71"}],"wp:attachment":[{"href":"https:\/\/munkavedelmitovabbkepzes.hu\/cera\/wp-json\/wp\/v2\/media?parent=70"}],"curies":[{"name":"wp","href":"https:\/\/api.w.org\/{rel}","templated":true}]}}