{"id":74,"date":"2020-10-10T15:56:54","date_gmt":"2020-10-10T15:56:54","guid":{"rendered":"https:\/\/munkavedelmitovabbkepzes.hu\/cera\/?page_id=74"},"modified":"2020-10-19T03:52:01","modified_gmt":"2020-10-19T03:52:01","slug":"cera-ertekeles","status":"publish","type":"page","link":"https:\/\/munkavedelmitovabbkepzes.hu\/cera\/cera-ertekeles\/","title":{"rendered":"CERA \u00e9rt\u00e9kel\u00e9s"},"content":{"rendered":"\n<p>Az \u00f6sszetett ergon\u00f3miai kock\u00e1zatbecsl\u00e9s r\u00f6vid neve a szakmai hagyom\u00e1nynak megfelel\u0151en, az angol ford\u00edt\u00e1s \u201eComposit Ergonomic Risk Assesstment\u201d r\u00f6vid\u00edt\u00e9sek\u00e9nt: CERA.<\/p>\n\n\n\n<h3 class=\"wp-block-heading\">a.) Egyszer\u0171s\u00e9g<\/h3>\n\n\n\n<p>A CERA az alkalmaz\u00e1s k\u00f6r\u00fclm\u00e9nyeinek megfelel\u0151en egy k\u00f6nnyen haszn\u00e1lhat\u00f3 m\u00f3dszer. Az \u00e9rt\u00e9kel\u0151 lapokat a munkav\u00e9delmi szakemberek, az ergon\u00f3miai csapat tagjai vagy a munkahely kialak\u00edt\u00e1s m\u00e1s r\u00e9sztvev\u0151i n\u00e9h\u00e1ny \u00f3r\u00e1s gyakorlattal ki tudj\u00e1k t\u00f6lteni. Az \u00e9rt\u00e9kel\u0151lapok kit\u00f6lt\u00e9s\u00e9hez sz\u00f6veges v\u00e1laszokat kell megadni, \u00e1br\u00e1kon kell testr\u00e9szeket jel\u00f6lni, \u00e9s eld\u00f6ntend\u0151 k\u00e9rd\u00e9seket kell megv\u00e1laszolni.<\/p>\n\n\n\n<h3 class=\"wp-block-heading\">b.) Az \u00e9rt\u00e9kel\u00e9s ter\u00fcletei<\/h3>\n\n\n\n<p>A CERA \u00e9rt\u00e9kel\u00e9s az EN 1005 szabv\u00e1nysorozat elemeinek megfelel\u0151 \u00e9rt\u00e9kel\u00e9sekre alkalmas, azaz:<\/p>\n\n\n\n<ul><li>testhelyzet,<\/li><li>k\u00e9zi anyagmozgat\u00e1s,<\/li><li>er\u0151kifejt\u00e9s,<\/li><li>ism\u00e9tl\u0151d\u0151 mozdulatok<\/li><\/ul>\n\n\n\n<p>A CERA a dolgoz\u00f3k bevon\u00e1s\u00e1t is seg\u00edt\u0151 f\u00e1jdalom \u2013 k\u00e9nyelmetlens\u00e9g \u00e9rt\u00e9kel\u00e9st is tartalmazza, illetve a munkahelyi el\u0151zm\u00e9nyek \u00e9s fejleszt\u00e9si \u00f6tletek r\u00f6gz\u00edt\u00e9si lehet\u0151s\u00e9g\u00e9t.<\/p>\n\n\n\n<p>A CERA \u00e9rt\u00e9kel\u0151 lapok c\u00e9lja els\u0151sorban a kock\u00e1zatmentes \u00e1llapot igazol\u00e1sa \u00e9s a magas kock\u00e1zat\u00fa helyzetek sz\u0171r\u00e9se. Az alkalmaz\u00e1s kifejezetten aj\u00e1nlott a k\u00f6vetkez\u0151 helyzetekben:<\/p>\n\n\n\n<ul><li>munkav\u00e9delmi kock\u00e1zatbecsl\u00e9s r\u00e9szek\u00e9nt,<\/li><li>\u00fczembe helyez\u00e9s sor\u00e1n,<\/li><li>ergon\u00f3miai fel\u00fclvizsg\u00e1latra,<\/li><li>esem\u00e9nyek (pl. munkabaleset) ergon\u00f3miai okainak sz\u0171r\u00e9s\u00e9re,<\/li><li>foglalkoz\u00e1s-eg\u00e9szs\u00e9g\u00fcgyi vizsg\u00e1latok kieg\u00e9sz\u00edt\u00e9s\u00e9re.<\/li><\/ul>\n","protected":false},"excerpt":{"rendered":"<p>Az \u00f6sszetett ergon\u00f3miai kock\u00e1zatbecsl\u00e9s r\u00f6vid neve a szakmai hagyom\u00e1nynak megfelel\u0151en, az angol ford\u00edt\u00e1s \u201eComposit Ergonomic Risk Assesstment\u201d r\u00f6vid\u00edt\u00e9sek\u00e9nt: CERA. a.) Egyszer\u0171s\u00e9g A CERA az alkalmaz\u00e1s k\u00f6r\u00fclm\u00e9nyeinek megfelel\u0151en egy k\u00f6nnyen haszn\u00e1lhat\u00f3 m\u00f3dszer. Az \u00e9rt\u00e9kel\u0151 lapokat a munkav\u00e9delmi szakemberek, az ergon\u00f3miai csapat tagjai vagy a munkahely kialak\u00edt\u00e1s m\u00e1s r\u00e9sztvev\u0151i n\u00e9h\u00e1ny \u00f3r\u00e1s gyakorlattal ki tudj\u00e1k t\u00f6lteni. Az \u00e9rt\u00e9kel\u0151lapok [&hellip;]<\/p>\n","protected":false},"author":1,"featured_media":0,"parent":0,"menu_order":0,"comment_status":"closed","ping_status":"closed","template":"page-fullwidth.php","meta":{"footnotes":""},"yoast_head":"<!-- This site is optimized with the Yoast SEO plugin v21.9.1 - https:\/\/yoast.com\/wordpress\/plugins\/seo\/ -->\n<title>CERA \u00e9rt\u00e9kel\u00e9s - CERA - Munkav\u00e9delmi tov\u00e1bbk\u00e9pz\u00e9s<\/title>\n<meta name=\"robots\" content=\"index, follow, max-snippet:-1, max-image-preview:large, max-video-preview:-1\" \/>\n<link rel=\"canonical\" href=\"https:\/\/munkavedelmitovabbkepzes.hu\/cera\/cera-ertekeles\/\" \/>\n<meta property=\"og:locale\" content=\"hu_HU\" \/>\n<meta property=\"og:type\" content=\"article\" \/>\n<meta property=\"og:title\" content=\"CERA \u00e9rt\u00e9kel\u00e9s - CERA - Munkav\u00e9delmi tov\u00e1bbk\u00e9pz\u00e9s\" \/>\n<meta property=\"og:description\" content=\"Az \u00f6sszetett ergon\u00f3miai kock\u00e1zatbecsl\u00e9s r\u00f6vid neve a szakmai hagyom\u00e1nynak megfelel\u0151en, az angol ford\u00edt\u00e1s \u201eComposit Ergonomic Risk Assesstment\u201d r\u00f6vid\u00edt\u00e9sek\u00e9nt: CERA. a.) Egyszer\u0171s\u00e9g A CERA az alkalmaz\u00e1s k\u00f6r\u00fclm\u00e9nyeinek megfelel\u0151en egy k\u00f6nnyen haszn\u00e1lhat\u00f3 m\u00f3dszer. Az \u00e9rt\u00e9kel\u0151 lapokat a munkav\u00e9delmi szakemberek, az ergon\u00f3miai csapat tagjai vagy a munkahely kialak\u00edt\u00e1s m\u00e1s r\u00e9sztvev\u0151i n\u00e9h\u00e1ny \u00f3r\u00e1s gyakorlattal ki tudj\u00e1k t\u00f6lteni. Az \u00e9rt\u00e9kel\u0151lapok [&hellip;]\" \/>\n<meta property=\"og:url\" content=\"https:\/\/munkavedelmitovabbkepzes.hu\/cera\/cera-ertekeles\/\" \/>\n<meta property=\"og:site_name\" content=\"CERA - Munkav\u00e9delmi tov\u00e1bbk\u00e9pz\u00e9s\" \/>\n<meta property=\"article:modified_time\" content=\"2020-10-19T03:52:01+00:00\" \/>\n<meta name=\"twitter:card\" content=\"summary_large_image\" \/>\n<meta name=\"twitter:label1\" content=\"Becs\u00fclt olvas\u00e1si id\u0151\" \/>\n\t<meta name=\"twitter:data1\" content=\"1 perc\" \/>\n<script type=\"application\/ld+json\" class=\"yoast-schema-graph\">{\"@context\":\"https:\/\/schema.org\",\"@graph\":[{\"@type\":\"WebPage\",\"@id\":\"https:\/\/munkavedelmitovabbkepzes.hu\/cera\/cera-ertekeles\/\",\"url\":\"https:\/\/munkavedelmitovabbkepzes.hu\/cera\/cera-ertekeles\/\",\"name\":\"CERA \u00e9rt\u00e9kel\u00e9s - CERA - Munkav\u00e9delmi tov\u00e1bbk\u00e9pz\u00e9s\",\"isPartOf\":{\"@id\":\"https:\/\/munkavedelmitovabbkepzes.hu\/cera\/#website\"},\"datePublished\":\"2020-10-10T15:56:54+00:00\",\"dateModified\":\"2020-10-19T03:52:01+00:00\",\"breadcrumb\":{\"@id\":\"https:\/\/munkavedelmitovabbkepzes.hu\/cera\/cera-ertekeles\/#breadcrumb\"},\"inLanguage\":\"hu\",\"potentialAction\":[{\"@type\":\"ReadAction\",\"target\":[\"https:\/\/munkavedelmitovabbkepzes.hu\/cera\/cera-ertekeles\/\"]}]},{\"@type\":\"BreadcrumbList\",\"@id\":\"https:\/\/munkavedelmitovabbkepzes.hu\/cera\/cera-ertekeles\/#breadcrumb\",\"itemListElement\":[{\"@type\":\"ListItem\",\"position\":1,\"name\":\"Home\",\"item\":\"https:\/\/munkavedelmitovabbkepzes.hu\/cera\/\"},{\"@type\":\"ListItem\",\"position\":2,\"name\":\"CERA \u00e9rt\u00e9kel\u00e9s\"}]},{\"@type\":\"WebSite\",\"@id\":\"https:\/\/munkavedelmitovabbkepzes.hu\/cera\/#website\",\"url\":\"https:\/\/munkavedelmitovabbkepzes.hu\/cera\/\",\"name\":\"CERA - Munkav\u00e9delmi tov\u00e1bbk\u00e9pz\u00e9s\",\"description\":\"\u00d3budai Egyetem\",\"publisher\":{\"@id\":\"https:\/\/munkavedelmitovabbkepzes.hu\/cera\/#organization\"},\"potentialAction\":[{\"@type\":\"SearchAction\",\"target\":{\"@type\":\"EntryPoint\",\"urlTemplate\":\"https:\/\/munkavedelmitovabbkepzes.hu\/cera\/?s={search_term_string}\"},\"query-input\":\"required name=search_term_string\"}],\"inLanguage\":\"hu\"},{\"@type\":\"Organization\",\"@id\":\"https:\/\/munkavedelmitovabbkepzes.hu\/cera\/#organization\",\"name\":\"OE Munkav\u00e9delmi tov\u00e1bbk\u00e9pz\u00e9s CERA\",\"url\":\"https:\/\/munkavedelmitovabbkepzes.hu\/cera\/\",\"logo\":{\"@type\":\"ImageObject\",\"inLanguage\":\"hu\",\"@id\":\"https:\/\/munkavedelmitovabbkepzes.hu\/cera\/#\/schema\/logo\/image\/\",\"url\":\"https:\/\/munkavedelmitovabbkepzes.hu\/cera\/wp-content\/uploads\/2020\/10\/MV-logo.jpg\",\"contentUrl\":\"https:\/\/munkavedelmitovabbkepzes.hu\/cera\/wp-content\/uploads\/2020\/10\/MV-logo.jpg\",\"width\":883,\"height\":883,\"caption\":\"OE Munkav\u00e9delmi tov\u00e1bbk\u00e9pz\u00e9s CERA\"},\"image\":{\"@id\":\"https:\/\/munkavedelmitovabbkepzes.hu\/cera\/#\/schema\/logo\/image\/\"}}]}<\/script>\n<!-- \/ Yoast SEO plugin. -->","yoast_head_json":{"title":"CERA \u00e9rt\u00e9kel\u00e9s - CERA - Munkav\u00e9delmi tov\u00e1bbk\u00e9pz\u00e9s","robots":{"index":"index","follow":"follow","max-snippet":"max-snippet:-1","max-image-preview":"max-image-preview:large","max-video-preview":"max-video-preview:-1"},"canonical":"https:\/\/munkavedelmitovabbkepzes.hu\/cera\/cera-ertekeles\/","og_locale":"hu_HU","og_type":"article","og_title":"CERA \u00e9rt\u00e9kel\u00e9s - CERA - Munkav\u00e9delmi tov\u00e1bbk\u00e9pz\u00e9s","og_description":"Az \u00f6sszetett ergon\u00f3miai kock\u00e1zatbecsl\u00e9s r\u00f6vid neve a szakmai hagyom\u00e1nynak megfelel\u0151en, az angol ford\u00edt\u00e1s \u201eComposit Ergonomic Risk Assesstment\u201d r\u00f6vid\u00edt\u00e9sek\u00e9nt: CERA. a.) Egyszer\u0171s\u00e9g A CERA az alkalmaz\u00e1s k\u00f6r\u00fclm\u00e9nyeinek megfelel\u0151en egy k\u00f6nnyen haszn\u00e1lhat\u00f3 m\u00f3dszer. Az \u00e9rt\u00e9kel\u0151 lapokat a munkav\u00e9delmi szakemberek, az ergon\u00f3miai csapat tagjai vagy a munkahely kialak\u00edt\u00e1s m\u00e1s r\u00e9sztvev\u0151i n\u00e9h\u00e1ny \u00f3r\u00e1s gyakorlattal ki tudj\u00e1k t\u00f6lteni. Az \u00e9rt\u00e9kel\u0151lapok [&hellip;]","og_url":"https:\/\/munkavedelmitovabbkepzes.hu\/cera\/cera-ertekeles\/","og_site_name":"CERA - Munkav\u00e9delmi tov\u00e1bbk\u00e9pz\u00e9s","article_modified_time":"2020-10-19T03:52:01+00:00","twitter_card":"summary_large_image","twitter_misc":{"Becs\u00fclt olvas\u00e1si id\u0151":"1 perc"},"schema":{"@context":"https:\/\/schema.org","@graph":[{"@type":"WebPage","@id":"https:\/\/munkavedelmitovabbkepzes.hu\/cera\/cera-ertekeles\/","url":"https:\/\/munkavedelmitovabbkepzes.hu\/cera\/cera-ertekeles\/","name":"CERA \u00e9rt\u00e9kel\u00e9s - CERA - Munkav\u00e9delmi tov\u00e1bbk\u00e9pz\u00e9s","isPartOf":{"@id":"https:\/\/munkavedelmitovabbkepzes.hu\/cera\/#website"},"datePublished":"2020-10-10T15:56:54+00:00","dateModified":"2020-10-19T03:52:01+00:00","breadcrumb":{"@id":"https:\/\/munkavedelmitovabbkepzes.hu\/cera\/cera-ertekeles\/#breadcrumb"},"inLanguage":"hu","potentialAction":[{"@type":"ReadAction","target":["https:\/\/munkavedelmitovabbkepzes.hu\/cera\/cera-ertekeles\/"]}]},{"@type":"BreadcrumbList","@id":"https:\/\/munkavedelmitovabbkepzes.hu\/cera\/cera-ertekeles\/#breadcrumb","itemListElement":[{"@type":"ListItem","position":1,"name":"Home","item":"https:\/\/munkavedelmitovabbkepzes.hu\/cera\/"},{"@type":"ListItem","position":2,"name":"CERA \u00e9rt\u00e9kel\u00e9s"}]},{"@type":"WebSite","@id":"https:\/\/munkavedelmitovabbkepzes.hu\/cera\/#website","url":"https:\/\/munkavedelmitovabbkepzes.hu\/cera\/","name":"CERA - Munkav\u00e9delmi tov\u00e1bbk\u00e9pz\u00e9s","description":"\u00d3budai Egyetem","publisher":{"@id":"https:\/\/munkavedelmitovabbkepzes.hu\/cera\/#organization"},"potentialAction":[{"@type":"SearchAction","target":{"@type":"EntryPoint","urlTemplate":"https:\/\/munkavedelmitovabbkepzes.hu\/cera\/?s={search_term_string}"},"query-input":"required name=search_term_string"}],"inLanguage":"hu"},{"@type":"Organization","@id":"https:\/\/munkavedelmitovabbkepzes.hu\/cera\/#organization","name":"OE Munkav\u00e9delmi tov\u00e1bbk\u00e9pz\u00e9s CERA","url":"https:\/\/munkavedelmitovabbkepzes.hu\/cera\/","logo":{"@type":"ImageObject","inLanguage":"hu","@id":"https:\/\/munkavedelmitovabbkepzes.hu\/cera\/#\/schema\/logo\/image\/","url":"https:\/\/munkavedelmitovabbkepzes.hu\/cera\/wp-content\/uploads\/2020\/10\/MV-logo.jpg","contentUrl":"https:\/\/munkavedelmitovabbkepzes.hu\/cera\/wp-content\/uploads\/2020\/10\/MV-logo.jpg","width":883,"height":883,"caption":"OE Munkav\u00e9delmi tov\u00e1bbk\u00e9pz\u00e9s CERA"},"image":{"@id":"https:\/\/munkavedelmitovabbkepzes.hu\/cera\/#\/schema\/logo\/image\/"}}]}},"_links":{"self":[{"href":"https:\/\/munkavedelmitovabbkepzes.hu\/cera\/wp-json\/wp\/v2\/pages\/74"}],"collection":[{"href":"https:\/\/munkavedelmitovabbkepzes.hu\/cera\/wp-json\/wp\/v2\/pages"}],"about":[{"href":"https:\/\/munkavedelmitovabbkepzes.hu\/cera\/wp-json\/wp\/v2\/types\/page"}],"author":[{"embeddable":true,"href":"https:\/\/munkavedelmitovabbkepzes.hu\/cera\/wp-json\/wp\/v2\/users\/1"}],"replies":[{"embeddable":true,"href":"https:\/\/munkavedelmitovabbkepzes.hu\/cera\/wp-json\/wp\/v2\/comments?post=74"}],"version-history":[{"count":2,"href":"https:\/\/munkavedelmitovabbkepzes.hu\/cera\/wp-json\/wp\/v2\/pages\/74\/revisions"}],"predecessor-version":[{"id":104,"href":"https:\/\/munkavedelmitovabbkepzes.hu\/cera\/wp-json\/wp\/v2\/pages\/74\/revisions\/104"}],"wp:attachment":[{"href":"https:\/\/munkavedelmitovabbkepzes.hu\/cera\/wp-json\/wp\/v2\/media?parent=74"}],"curies":[{"name":"wp","href":"https:\/\/api.w.org\/{rel}","templated":true}]}}