{"id":84,"date":"2020-10-10T16:02:20","date_gmt":"2020-10-10T16:02:20","guid":{"rendered":"https:\/\/munkavedelmitovabbkepzes.hu\/cera\/?page_id=84"},"modified":"2020-10-10T16:02:21","modified_gmt":"2020-10-10T16:02:21","slug":"kepalkotason-alapulo-ertekeles","status":"publish","type":"page","link":"https:\/\/munkavedelmitovabbkepzes.hu\/cera\/kepalkotason-alapulo-ertekeles\/","title":{"rendered":"K\u00e9palkot\u00e1son alapul\u00f3 \u00e9rt\u00e9kel\u00e9s"},"content":{"rendered":"\n<p>Tervben van tov\u00e1bbi fejleszt\u00e9si ir\u00e1nyk\u00e9nt a digit\u00e1lis \u00e9rt\u00e9kel\u00e9s lehet\u0151s\u00e9geinek vizsg\u00e1lata is, amelyhez kezdeti l\u00e9p\u00e9sk\u00e9nt k\u00eds\u00e9rleteket is v\u00e9gezt\u00fcnk. A digit\u00e1lis ir\u00e1ny t\u00e1mogat\u00e1s\u00e1ra szolg\u00e1lhat legink\u00e1bb az embermodellez\u0151 rendszerek \u00e9s motion capture rendszerek bevon\u00e1sa az \u00e9rt\u00e9kel\u00e9sbe, \u00edgy a benne rejl\u0151 lehet\u0151s\u00e9gek vizsg\u00e1lat\u00e1ra egy k\u00eds\u00e9rlet sorozatot terveztem meg, amely 12 felhaszn\u00e1l\u00f3 bevon\u00e1s\u00e1val t\u00f6rt\u00e9nt. A k\u00eds\u00e9rlet sor\u00e1n szerel\u00e9si m\u0171veletek modellez\u00e9s\u00e9t v\u00e9gezt\u00fck az el\u0151re adott mozdulati sorrend \u00e9s v\u00e9geredm\u00e9ny \u00e1ltal, olyan rossz k\u00e9nyszer\u00edtett testhelyzeteket produk\u00e1lva, amelyek a kock\u00e1zat \u00e9rt\u00e9kel\u0151 m\u00f3dszerek \u00e1ltal mindenk\u00e9pp azonos\u00edt\u00e1sra kell hogy ker\u00fcljenek. A vizsg\u00e1latok sor\u00e1n k\u00e9t eszk\u00f6zt egy Vicon motion capture rendszert \u00e9s egy Asus Xtion rendszert alkalmaztunk a mozg\u00e1si adatok r\u00f6gz\u00edt\u00e9s\u00e9re. Ezen mozg\u00e1si adatokkal egyr\u00e9szt a m\u00e1r kialak\u00edtott pap\u00edr alap\u00fa \u00e9s Excel-es \u00e9rt\u00e9kel\u0151 m\u00f3dszereink valid\u00e1l\u00e1s\u00e1t is el tudjuk v\u00e9gezni, hiszen az MSZ EN 1005 szabv\u00e1nyban foglaltaknak minden t\u00e9nyez\u0151je megjelenik a k\u00eds\u00e9rletben. A felhaszn\u00e1l\u00f3k soksz\u00edn\u0171s\u00e9ge \u00e1ltal a popul\u00e1ci\u00f3 lefedetts\u00e9ge biztos\u00edtott volt, m\u00edg a t\u00f6bbf\u00e9le feladat \u00e1ltal az elt\u00e9r\u0151 v\u00e9geredm\u00e9nyek is megjelentek, \u00edgy k\u00fcl\u00f6nb\u00f6z\u0151 folyamatok ker\u00fcltek r\u00f6gz\u00edt\u00e9sre.\u00a0<\/p>\n","protected":false},"excerpt":{"rendered":"<p>Tervben van tov\u00e1bbi fejleszt\u00e9si ir\u00e1nyk\u00e9nt a digit\u00e1lis \u00e9rt\u00e9kel\u00e9s lehet\u0151s\u00e9geinek vizsg\u00e1lata is, amelyhez kezdeti l\u00e9p\u00e9sk\u00e9nt k\u00eds\u00e9rleteket is v\u00e9gezt\u00fcnk. A digit\u00e1lis ir\u00e1ny t\u00e1mogat\u00e1s\u00e1ra szolg\u00e1lhat legink\u00e1bb az embermodellez\u0151 rendszerek \u00e9s motion capture rendszerek bevon\u00e1sa az \u00e9rt\u00e9kel\u00e9sbe, \u00edgy a benne rejl\u0151 lehet\u0151s\u00e9gek vizsg\u00e1lat\u00e1ra egy k\u00eds\u00e9rlet sorozatot terveztem meg, amely 12 felhaszn\u00e1l\u00f3 bevon\u00e1s\u00e1val t\u00f6rt\u00e9nt. A k\u00eds\u00e9rlet sor\u00e1n szerel\u00e9si m\u0171veletek modellez\u00e9s\u00e9t [&hellip;]<\/p>\n","protected":false},"author":1,"featured_media":0,"parent":0,"menu_order":0,"comment_status":"closed","ping_status":"closed","template":"","meta":{"footnotes":""},"yoast_head":"<!-- This site is optimized with the Yoast SEO plugin v21.9.1 - https:\/\/yoast.com\/wordpress\/plugins\/seo\/ -->\n<title>K\u00e9palkot\u00e1son alapul\u00f3 \u00e9rt\u00e9kel\u00e9s - CERA - Munkav\u00e9delmi tov\u00e1bbk\u00e9pz\u00e9s<\/title>\n<meta name=\"robots\" content=\"index, follow, max-snippet:-1, max-image-preview:large, max-video-preview:-1\" \/>\n<link rel=\"canonical\" href=\"https:\/\/munkavedelmitovabbkepzes.hu\/cera\/kepalkotason-alapulo-ertekeles\/\" \/>\n<meta property=\"og:locale\" content=\"hu_HU\" \/>\n<meta property=\"og:type\" content=\"article\" \/>\n<meta property=\"og:title\" content=\"K\u00e9palkot\u00e1son alapul\u00f3 \u00e9rt\u00e9kel\u00e9s - CERA - Munkav\u00e9delmi tov\u00e1bbk\u00e9pz\u00e9s\" \/>\n<meta property=\"og:description\" content=\"Tervben van tov\u00e1bbi fejleszt\u00e9si ir\u00e1nyk\u00e9nt a digit\u00e1lis \u00e9rt\u00e9kel\u00e9s lehet\u0151s\u00e9geinek vizsg\u00e1lata is, amelyhez kezdeti l\u00e9p\u00e9sk\u00e9nt k\u00eds\u00e9rleteket is v\u00e9gezt\u00fcnk. A digit\u00e1lis ir\u00e1ny t\u00e1mogat\u00e1s\u00e1ra szolg\u00e1lhat legink\u00e1bb az embermodellez\u0151 rendszerek \u00e9s motion capture rendszerek bevon\u00e1sa az \u00e9rt\u00e9kel\u00e9sbe, \u00edgy a benne rejl\u0151 lehet\u0151s\u00e9gek vizsg\u00e1lat\u00e1ra egy k\u00eds\u00e9rlet sorozatot terveztem meg, amely 12 felhaszn\u00e1l\u00f3 bevon\u00e1s\u00e1val t\u00f6rt\u00e9nt. A k\u00eds\u00e9rlet sor\u00e1n szerel\u00e9si m\u0171veletek modellez\u00e9s\u00e9t [&hellip;]\" \/>\n<meta property=\"og:url\" content=\"https:\/\/munkavedelmitovabbkepzes.hu\/cera\/kepalkotason-alapulo-ertekeles\/\" \/>\n<meta property=\"og:site_name\" content=\"CERA - Munkav\u00e9delmi tov\u00e1bbk\u00e9pz\u00e9s\" \/>\n<meta property=\"article:modified_time\" content=\"2020-10-10T16:02:21+00:00\" \/>\n<meta name=\"twitter:card\" content=\"summary_large_image\" \/>\n<meta name=\"twitter:label1\" content=\"Becs\u00fclt olvas\u00e1si id\u0151\" \/>\n\t<meta name=\"twitter:data1\" content=\"1 perc\" \/>\n<script type=\"application\/ld+json\" class=\"yoast-schema-graph\">{\"@context\":\"https:\/\/schema.org\",\"@graph\":[{\"@type\":\"WebPage\",\"@id\":\"https:\/\/munkavedelmitovabbkepzes.hu\/cera\/kepalkotason-alapulo-ertekeles\/\",\"url\":\"https:\/\/munkavedelmitovabbkepzes.hu\/cera\/kepalkotason-alapulo-ertekeles\/\",\"name\":\"K\u00e9palkot\u00e1son alapul\u00f3 \u00e9rt\u00e9kel\u00e9s - CERA - Munkav\u00e9delmi tov\u00e1bbk\u00e9pz\u00e9s\",\"isPartOf\":{\"@id\":\"https:\/\/munkavedelmitovabbkepzes.hu\/cera\/#website\"},\"datePublished\":\"2020-10-10T16:02:20+00:00\",\"dateModified\":\"2020-10-10T16:02:21+00:00\",\"breadcrumb\":{\"@id\":\"https:\/\/munkavedelmitovabbkepzes.hu\/cera\/kepalkotason-alapulo-ertekeles\/#breadcrumb\"},\"inLanguage\":\"hu\",\"potentialAction\":[{\"@type\":\"ReadAction\",\"target\":[\"https:\/\/munkavedelmitovabbkepzes.hu\/cera\/kepalkotason-alapulo-ertekeles\/\"]}]},{\"@type\":\"BreadcrumbList\",\"@id\":\"https:\/\/munkavedelmitovabbkepzes.hu\/cera\/kepalkotason-alapulo-ertekeles\/#breadcrumb\",\"itemListElement\":[{\"@type\":\"ListItem\",\"position\":1,\"name\":\"Home\",\"item\":\"https:\/\/munkavedelmitovabbkepzes.hu\/cera\/\"},{\"@type\":\"ListItem\",\"position\":2,\"name\":\"K\u00e9palkot\u00e1son alapul\u00f3 \u00e9rt\u00e9kel\u00e9s\"}]},{\"@type\":\"WebSite\",\"@id\":\"https:\/\/munkavedelmitovabbkepzes.hu\/cera\/#website\",\"url\":\"https:\/\/munkavedelmitovabbkepzes.hu\/cera\/\",\"name\":\"CERA - Munkav\u00e9delmi tov\u00e1bbk\u00e9pz\u00e9s\",\"description\":\"\u00d3budai Egyetem\",\"publisher\":{\"@id\":\"https:\/\/munkavedelmitovabbkepzes.hu\/cera\/#organization\"},\"potentialAction\":[{\"@type\":\"SearchAction\",\"target\":{\"@type\":\"EntryPoint\",\"urlTemplate\":\"https:\/\/munkavedelmitovabbkepzes.hu\/cera\/?s={search_term_string}\"},\"query-input\":\"required name=search_term_string\"}],\"inLanguage\":\"hu\"},{\"@type\":\"Organization\",\"@id\":\"https:\/\/munkavedelmitovabbkepzes.hu\/cera\/#organization\",\"name\":\"OE Munkav\u00e9delmi tov\u00e1bbk\u00e9pz\u00e9s CERA\",\"url\":\"https:\/\/munkavedelmitovabbkepzes.hu\/cera\/\",\"logo\":{\"@type\":\"ImageObject\",\"inLanguage\":\"hu\",\"@id\":\"https:\/\/munkavedelmitovabbkepzes.hu\/cera\/#\/schema\/logo\/image\/\",\"url\":\"https:\/\/munkavedelmitovabbkepzes.hu\/cera\/wp-content\/uploads\/2020\/10\/MV-logo.jpg\",\"contentUrl\":\"https:\/\/munkavedelmitovabbkepzes.hu\/cera\/wp-content\/uploads\/2020\/10\/MV-logo.jpg\",\"width\":883,\"height\":883,\"caption\":\"OE Munkav\u00e9delmi tov\u00e1bbk\u00e9pz\u00e9s CERA\"},\"image\":{\"@id\":\"https:\/\/munkavedelmitovabbkepzes.hu\/cera\/#\/schema\/logo\/image\/\"}}]}<\/script>\n<!-- \/ Yoast SEO plugin. -->","yoast_head_json":{"title":"K\u00e9palkot\u00e1son alapul\u00f3 \u00e9rt\u00e9kel\u00e9s - CERA - Munkav\u00e9delmi tov\u00e1bbk\u00e9pz\u00e9s","robots":{"index":"index","follow":"follow","max-snippet":"max-snippet:-1","max-image-preview":"max-image-preview:large","max-video-preview":"max-video-preview:-1"},"canonical":"https:\/\/munkavedelmitovabbkepzes.hu\/cera\/kepalkotason-alapulo-ertekeles\/","og_locale":"hu_HU","og_type":"article","og_title":"K\u00e9palkot\u00e1son alapul\u00f3 \u00e9rt\u00e9kel\u00e9s - CERA - Munkav\u00e9delmi tov\u00e1bbk\u00e9pz\u00e9s","og_description":"Tervben van tov\u00e1bbi fejleszt\u00e9si ir\u00e1nyk\u00e9nt a digit\u00e1lis \u00e9rt\u00e9kel\u00e9s lehet\u0151s\u00e9geinek vizsg\u00e1lata is, amelyhez kezdeti l\u00e9p\u00e9sk\u00e9nt k\u00eds\u00e9rleteket is v\u00e9gezt\u00fcnk. A digit\u00e1lis ir\u00e1ny t\u00e1mogat\u00e1s\u00e1ra szolg\u00e1lhat legink\u00e1bb az embermodellez\u0151 rendszerek \u00e9s motion capture rendszerek bevon\u00e1sa az \u00e9rt\u00e9kel\u00e9sbe, \u00edgy a benne rejl\u0151 lehet\u0151s\u00e9gek vizsg\u00e1lat\u00e1ra egy k\u00eds\u00e9rlet sorozatot terveztem meg, amely 12 felhaszn\u00e1l\u00f3 bevon\u00e1s\u00e1val t\u00f6rt\u00e9nt. A k\u00eds\u00e9rlet sor\u00e1n szerel\u00e9si m\u0171veletek modellez\u00e9s\u00e9t [&hellip;]","og_url":"https:\/\/munkavedelmitovabbkepzes.hu\/cera\/kepalkotason-alapulo-ertekeles\/","og_site_name":"CERA - Munkav\u00e9delmi tov\u00e1bbk\u00e9pz\u00e9s","article_modified_time":"2020-10-10T16:02:21+00:00","twitter_card":"summary_large_image","twitter_misc":{"Becs\u00fclt olvas\u00e1si id\u0151":"1 perc"},"schema":{"@context":"https:\/\/schema.org","@graph":[{"@type":"WebPage","@id":"https:\/\/munkavedelmitovabbkepzes.hu\/cera\/kepalkotason-alapulo-ertekeles\/","url":"https:\/\/munkavedelmitovabbkepzes.hu\/cera\/kepalkotason-alapulo-ertekeles\/","name":"K\u00e9palkot\u00e1son alapul\u00f3 \u00e9rt\u00e9kel\u00e9s - CERA - Munkav\u00e9delmi tov\u00e1bbk\u00e9pz\u00e9s","isPartOf":{"@id":"https:\/\/munkavedelmitovabbkepzes.hu\/cera\/#website"},"datePublished":"2020-10-10T16:02:20+00:00","dateModified":"2020-10-10T16:02:21+00:00","breadcrumb":{"@id":"https:\/\/munkavedelmitovabbkepzes.hu\/cera\/kepalkotason-alapulo-ertekeles\/#breadcrumb"},"inLanguage":"hu","potentialAction":[{"@type":"ReadAction","target":["https:\/\/munkavedelmitovabbkepzes.hu\/cera\/kepalkotason-alapulo-ertekeles\/"]}]},{"@type":"BreadcrumbList","@id":"https:\/\/munkavedelmitovabbkepzes.hu\/cera\/kepalkotason-alapulo-ertekeles\/#breadcrumb","itemListElement":[{"@type":"ListItem","position":1,"name":"Home","item":"https:\/\/munkavedelmitovabbkepzes.hu\/cera\/"},{"@type":"ListItem","position":2,"name":"K\u00e9palkot\u00e1son alapul\u00f3 \u00e9rt\u00e9kel\u00e9s"}]},{"@type":"WebSite","@id":"https:\/\/munkavedelmitovabbkepzes.hu\/cera\/#website","url":"https:\/\/munkavedelmitovabbkepzes.hu\/cera\/","name":"CERA - Munkav\u00e9delmi tov\u00e1bbk\u00e9pz\u00e9s","description":"\u00d3budai Egyetem","publisher":{"@id":"https:\/\/munkavedelmitovabbkepzes.hu\/cera\/#organization"},"potentialAction":[{"@type":"SearchAction","target":{"@type":"EntryPoint","urlTemplate":"https:\/\/munkavedelmitovabbkepzes.hu\/cera\/?s={search_term_string}"},"query-input":"required name=search_term_string"}],"inLanguage":"hu"},{"@type":"Organization","@id":"https:\/\/munkavedelmitovabbkepzes.hu\/cera\/#organization","name":"OE Munkav\u00e9delmi tov\u00e1bbk\u00e9pz\u00e9s CERA","url":"https:\/\/munkavedelmitovabbkepzes.hu\/cera\/","logo":{"@type":"ImageObject","inLanguage":"hu","@id":"https:\/\/munkavedelmitovabbkepzes.hu\/cera\/#\/schema\/logo\/image\/","url":"https:\/\/munkavedelmitovabbkepzes.hu\/cera\/wp-content\/uploads\/2020\/10\/MV-logo.jpg","contentUrl":"https:\/\/munkavedelmitovabbkepzes.hu\/cera\/wp-content\/uploads\/2020\/10\/MV-logo.jpg","width":883,"height":883,"caption":"OE Munkav\u00e9delmi tov\u00e1bbk\u00e9pz\u00e9s CERA"},"image":{"@id":"https:\/\/munkavedelmitovabbkepzes.hu\/cera\/#\/schema\/logo\/image\/"}}]}},"_links":{"self":[{"href":"https:\/\/munkavedelmitovabbkepzes.hu\/cera\/wp-json\/wp\/v2\/pages\/84"}],"collection":[{"href":"https:\/\/munkavedelmitovabbkepzes.hu\/cera\/wp-json\/wp\/v2\/pages"}],"about":[{"href":"https:\/\/munkavedelmitovabbkepzes.hu\/cera\/wp-json\/wp\/v2\/types\/page"}],"author":[{"embeddable":true,"href":"https:\/\/munkavedelmitovabbkepzes.hu\/cera\/wp-json\/wp\/v2\/users\/1"}],"replies":[{"embeddable":true,"href":"https:\/\/munkavedelmitovabbkepzes.hu\/cera\/wp-json\/wp\/v2\/comments?post=84"}],"version-history":[{"count":1,"href":"https:\/\/munkavedelmitovabbkepzes.hu\/cera\/wp-json\/wp\/v2\/pages\/84\/revisions"}],"predecessor-version":[{"id":85,"href":"https:\/\/munkavedelmitovabbkepzes.hu\/cera\/wp-json\/wp\/v2\/pages\/84\/revisions\/85"}],"wp:attachment":[{"href":"https:\/\/munkavedelmitovabbkepzes.hu\/cera\/wp-json\/wp\/v2\/media?parent=84"}],"curies":[{"name":"wp","href":"https:\/\/api.w.org\/{rel}","templated":true}]}}